{"id":2705,"date":"2025-04-28T16:55:07","date_gmt":"2025-04-28T14:55:07","guid":{"rendered":"https:\/\/www.3d-army.com\/?page_id=2705"},"modified":"2025-05-12T16:01:04","modified_gmt":"2025-05-12T14:01:04","slug":"registrace-1","status":"publish","type":"page","link":"https:\/\/www.3d-army.com\/english\/registrace-1\/","title":{"rendered":"3D-ARMY CZ Registrace pro 1"},"content":{"rendered":"<div data-elementor-type=\"wp-page\" data-elementor-id=\"2705\" class=\"elementor elementor-2705\" data-elementor-post-type=\"page\">\n\t\t\t\t<div class=\"elementor-element elementor-element-732d6a4b e-con-full e-flex e-con e-parent\" data-id=\"732d6a4b\" data-element_type=\"container\" data-settings=\"{&quot;background_background&quot;:&quot;classic&quot;}\">\n\t\t<div class=\"elementor-element elementor-element-287cf027 e-flex e-con-boxed e-con e-child\" data-id=\"287cf027\" data-element_type=\"container\">\n\t\t\t\t\t<div class=\"e-con-inner\">\n\t\t<div class=\"elementor-element elementor-element-55145948 e-con-full e-flex e-con e-child\" data-id=\"55145948\" data-element_type=\"container\">\n\t\t<div class=\"elementor-element elementor-element-7c391d77 e-con-full e-flex e-con e-child\" data-id=\"7c391d77\" data-element_type=\"container\">\n\t\t<div class=\"elementor-element elementor-element-793eb9af e-con-full e-flex e-con e-child\" data-id=\"793eb9af\" data-element_type=\"container\">\n\t\t\t\t<div class=\"elementor-element elementor-element-3fc0e31 elementor-widget elementor-widget-heading\" data-id=\"3fc0e31\" data-element_type=\"widget\" data-widget_type=\"heading.default\">\n\t\t\t\t<div class=\"elementor-widget-container\">\n\t\t\t\t\t<div class=\"elementor-heading-title elementor-size-default\">Mezin\u00e1rodn\u00ed konference 29. 5. na veletrhu IDET v Brn\u011b<\/div>\t\t\t\t<\/div>\n\t\t\t\t<\/div>\n\t\t\t\t<div class=\"elementor-element elementor-element-380c3e62 elementor-widget elementor-widget-heading\" data-id=\"380c3e62\" data-element_type=\"widget\" data-widget_type=\"heading.default\">\n\t\t\t\t<div class=\"elementor-widget-container\">\n\t\t\t\t\t<h2 class=\"elementor-heading-title elementor-size-default\">3D printing in the European defence industry<\/h2>\t\t\t\t<\/div>\n\t\t\t\t<\/div>\n\t\t<div class=\"elementor-element elementor-element-ea2a705 e-con-full e-flex e-con e-child\" data-id=\"ea2a705\" data-element_type=\"container\" data-settings=\"{&quot;background_background&quot;:&quot;classic&quot;}\">\n\t\t<div class=\"elementor-element elementor-element-c8c9dd0 e-con-full e-flex e-con e-child\" data-id=\"c8c9dd0\" data-element_type=\"container\" data-settings=\"{&quot;background_background&quot;:&quot;classic&quot;}\">\n\t\t\t\t<div class=\"elementor-element elementor-element-2d79223 elementor-widget elementor-widget-html\" data-id=\"2d79223\" data-element_type=\"widget\" data-widget_type=\"html.default\">\n\t\t\t\t<div class=\"elementor-widget-container\">\n\t\t\t\t\t<!-- www.SimpleShop.cz form#120292 start -->\r\n<div data-simpleshopform=\"xKLjJ\"><div>Prodejn\u00ed formul\u00e1\u0159 je vytvo\u0159en v syst\u00e9mu <a href=\"https:\/\/www.simpleshop.cz\/?utm_source=simpleshop&utm_medium=form&utm_campaign=19364\" target=\"_blank\">SimpleShop.cz<\/a>.<\/div><\/div>\r\n<script>\r\n (function(i, s, o, g, r, a, m){\r\n  i[r] = i[r] || function(){\r\n   (i[r].q = i[r].q || []).push(arguments)\r\n  }, i[r].l = 1 * new Date();\r\n  a = s.createElement(o),\r\n  m = s.getElementsByTagName(o)[0];\r\n  a.async = 1;\r\n  a.src = g;\r\n  m.parentNode.insertBefore(a, m)\r\n })(window, document, \"script\", \"https:\/\/form.simpleshop.cz\/prj\/js\/SimpleShopService.js\", \"sss\");\r\n sss(\"createForm\", \"xKLjJ\");\r\n<\/script>\r\n<!-- www.SimpleShop.cz form#120292 end -->\t\t\t\t<\/div>\n\t\t\t\t<\/div>\n\t\t<div class=\"elementor-element elementor-element-079afd1 e-con-full e-flex e-con e-child\" data-id=\"079afd1\" data-element_type=\"container\">\n\t\t\t\t<div class=\"elementor-element elementor-element-a9b6194 elementor-widget elementor-widget-heading\" data-id=\"a9b6194\" data-element_type=\"widget\" data-widget_type=\"heading.default\">\n\t\t\t\t<div class=\"elementor-widget-container\">\n\t\t\t\t\t<div class=\"elementor-heading-title elementor-size-default\">Odesl\u00e1n\u00edm formul\u00e1\u0159e se zavazujete k \u00fahrad\u011b objednan\u00e9ho produktu v souladu s obchodn\u00edmi podm\u00ednkami a z\u00e1rove\u0148 poskytujete organiz\u00e1torovi konference a provozovateli tohoto webu souhlas se zpracov\u00e1n\u00edm v\u00e1mi uveden\u00fdch osobn\u00edch \u00fadaj\u016f dle p\u0159\u00edslu\u0161n\u00e9 legislativy.<\/div>\t\t\t\t<\/div>\n\t\t\t\t<\/div>\n\t\t\t\t<\/div>\n\t\t\t\t<\/div>\n\t\t\t\t<\/div>\n\t\t\t\t<\/div>\n\t\t\t\t<\/div>\n\t\t\t\t<\/div>\n\t\t\t\t\t<\/div>\n\t\t\t\t<\/div>\n\t\t\t\t<\/div>\n\t\t\t\t<\/div>","protected":false},"excerpt":{"rendered":"<p>Mezin\u00e1rodn\u00ed konference 29. 5. na veletrhu IDET v Brn\u011b 3D tisk v&nbsp;evropsk\u00e9m zbrojn\u00edm&nbsp;pr\u016fmyslu Prodejn\u00ed formul\u00e1\u0159 je vytvo\u0159en v syst\u00e9mu SimpleShop.cz. Odesl\u00e1n\u00edm formul\u00e1\u0159e se zavazujete k \u00fahrad\u011b objednan\u00e9ho produktu v souladu s obchodn\u00edmi podm\u00ednkami a z\u00e1rove\u0148 poskytujete organiz\u00e1torovi konference a provozovateli tohoto webu souhlas se zpracov\u00e1n\u00edm v\u00e1mi uveden\u00fdch osobn\u00edch \u00fadaj\u016f dle p\u0159\u00edslu\u0161n\u00e9 legislativy.<\/p>","protected":false},"author":2,"featured_media":0,"parent":0,"menu_order":0,"comment_status":"closed","ping_status":"closed","template":"","meta":{"_acf_changed":false,"footnotes":""},"class_list":["post-2705","page","type-page","status-publish","hentry"],"acf":[],"_links":{"self":[{"href":"https:\/\/www.3d-army.com\/english\/wp-json\/wp\/v2\/pages\/2705","targetHints":{"allow":["GET"]}}],"collection":[{"href":"https:\/\/www.3d-army.com\/english\/wp-json\/wp\/v2\/pages"}],"about":[{"href":"https:\/\/www.3d-army.com\/english\/wp-json\/wp\/v2\/types\/page"}],"author":[{"embeddable":true,"href":"https:\/\/www.3d-army.com\/english\/wp-json\/wp\/v2\/users\/2"}],"replies":[{"embeddable":true,"href":"https:\/\/www.3d-army.com\/english\/wp-json\/wp\/v2\/comments?post=2705"}],"version-history":[{"count":0,"href":"https:\/\/www.3d-army.com\/english\/wp-json\/wp\/v2\/pages\/2705\/revisions"}],"wp:attachment":[{"href":"https:\/\/www.3d-army.com\/english\/wp-json\/wp\/v2\/media?parent=2705"}],"curies":[{"name":"wp","href":"https:\/\/api.w.org\/{rel}","templated":true}]}}