{"id":2262,"date":"2024-09-17T10:41:04","date_gmt":"2024-09-17T08:41:04","guid":{"rendered":"https:\/\/www.3d-army.com\/?page_id=2262"},"modified":"2025-04-28T18:06:31","modified_gmt":"2025-04-28T16:06:31","slug":"osobni-udaje","status":"publish","type":"page","link":"https:\/\/www.3d-army.com\/english\/osobni-udaje\/","title":{"rendered":"Privacy Policy"},"content":{"rendered":"<p>Osobn\u00ed \u00fadaje, kter\u00e9 n\u00e1m poskytujete jako n\u00e1v\u0161t\u011bvn\u00edci na\u0161ich webov\u00fdch str\u00e1nek, jsou zpracov\u00e1v\u00e1ny v souladu s platn\u00fdmi p\u0159edpisy o ochran\u011b osobn\u00edch \u00fadaj\u016f, v souladu s na\u0159\u00edzen\u00edm Evropsk\u00e9ho parlamentu a Rady (EU) 2016\/679 o ochran\u011b fyzick\u00fdch osob v souvislosti se zpracov\u00e1n\u00edm osobn\u00edch \u00fadaj\u016f (d\u00e1le jen \u201ena\u0159\u00edzen\u00ed\u201c) a v souladu se z\u00e1konem \u010d. 110\/2019 Sb., o ochran\u011b osobn\u00edch \u00fadaj\u016f (d\u00e1le jen \u201ez\u00e1kon\u201c).<\/p>\n<p><strong>Definice osobn\u00edch \u00fadaj\u016f<\/strong><\/p>\n<p>Osobn\u00ed \u00fadaje jsou informace o fyzick\u00e9 osob\u011b, jako je jej\u00ed jm\u00e9no a p\u0159\u00edjmen\u00ed, telefonn\u00ed \u010d\u00edslo, e-mailov\u00e1 adresa, po\u0161tovn\u00ed adresa nebo IP adresa.<\/p>\n<p><strong>Spr\u00e1vce<\/strong><\/p>\n<p>Spr\u00e1vcem osobn\u00edch \u00fadaj\u016f, kter\u00e9 n\u00e1m poskytujete prost\u0159ednictv\u00edm na\u0161ich webov\u00fdch str\u00e1nek, je Nov\u00e1 m\u00e9dia, s. r. o., se s\u00eddlem V\u00fdstavi\u0161t\u011b 405\/1, 603 00 Brno. Va\u0161e osobn\u00ed \u00fadaje budou zpracov\u00e1v\u00e1ny v souladu s podm\u00ednkami popsan\u00fdmi v tomto dokumentu.<\/p>\n<p><strong>Rozsah zpracov\u00e1van\u00fdch osobn\u00edch \u00fadaj\u016f<\/strong><\/p>\n<p>V souvislosti s va\u0161\u00edm pou\u017e\u00edv\u00e1n\u00edm na\u0161ich webov\u00fdch str\u00e1nek m\u016f\u017eeme zpracov\u00e1vat n\u00e1sleduj\u00edc\u00ed osobn\u00ed \u00fadaje:<\/p>\n<ul>\n<li>\u00dadaje, kter\u00e9 o sob\u011b uvedete zad\u00e1n\u00edm sv\u00fdch osobn\u00edch \u00fadaj\u016f do n\u011bkter\u00e9ho z kontaktn\u00edch formul\u00e1\u0159\u016f (nap\u0159. jm\u00e9no a p\u0159\u00edjmen\u00ed, telefonn\u00ed \u010d\u00edslo, e-mailov\u00e1 adresa),<\/li>\n<li>IP adresa za\u0159\u00edzen\u00ed, kter\u00e9 pou\u017e\u00edv\u00e1te k p\u0159\u00edstupu na na\u0161e webov\u00e9 str\u00e1nky,<\/li>\n<li>\u00dadaje shrom\u00e1\u017ed\u011bn\u00e9 prost\u0159ednictv\u00edm cookies a dal\u0161\u00edch automatick\u00fdch identifik\u00e1tor\u016f (nap\u0159. obecn\u00e9 technick\u00e9 informace o prohl\u00ed\u017ee\u010di, kter\u00fd pou\u017e\u00edv\u00e1te, opera\u010dn\u00ed syst\u00e9m, rozli\u0161en\u00ed obrazovky, geoloka\u010dn\u00ed \u00fadaje atd.).<\/li>\n<\/ul>\n<p><strong>\u00da\u010del zpracov\u00e1n\u00ed osobn\u00edch \u00fadaj\u016f<\/strong><\/p>\n<p>V z\u00e1vislosti na vztahu mezi v\u00e1mi a na\u0161\u00ed spole\u010dnost\u00ed zpracov\u00e1v\u00e1me va\u0161e osobn\u00ed \u00fadaje pro n\u00e1sleduj\u00edc\u00ed \u00fa\u010dely:<\/p>\n<ul>\n<li>Pokud jste n\u00e1v\u0161t\u011bvn\u00edkem na\u0161ich webov\u00fdch str\u00e1nek, zpracov\u00e1v\u00e1me va\u0161e osobn\u00ed \u00fadaje na z\u00e1klad\u011b opr\u00e1vn\u011bn\u00fdch z\u00e1jm\u016f (nap\u0159. zaji\u0161t\u011bn\u00ed komunikace p\u0159es internet, poskytov\u00e1n\u00ed slu\u017eeb, o kter\u00e9 v\u00fdslovn\u011b po\u017e\u00e1d\u00e1te) nebo na z\u00e1klad\u011b va\u0161eho souhlasu (nap\u0159. prov\u00e1d\u011bn\u00ed anal\u00fdzy n\u00e1v\u0161t\u011bvnosti).<\/li>\n<li>Pokud jste na\u0161\u00edm z\u00e1kazn\u00edkem nebo obchodn\u00edm partnerem, zpracov\u00e1v\u00e1me va\u0161e osobn\u00ed \u00fadaje na z\u00e1klad\u011b pln\u011bn\u00ed smlouvy nebo za \u00fa\u010delem p\u0159ijet\u00ed p\u0159edsmluvn\u00edch opat\u0159en\u00ed, spln\u011bn\u00ed z\u00e1konn\u00fdch povinnost\u00ed, opr\u00e1vn\u011bn\u00fdch z\u00e1jm\u016f nebo na z\u00e1klad\u011b va\u0161eho souhlasu.<\/li>\n<\/ul>\n<p><strong>Zdroje osobn\u00edch \u00fadaj\u016f<\/strong><\/p>\n<p>\u00dadaje, kter\u00e9 zpracov\u00e1v\u00e1me, z\u00edsk\u00e1v\u00e1me p\u0159\u00edmo od v\u00e1s, kdy\u017e nav\u0161t\u00edv\u00edte na\u0161e webov\u00e9 str\u00e1nky a vypln\u00edte online kontaktn\u00ed formul\u00e1\u0159e. Va\u0161e osobn\u00ed \u00fadaje n\u00e1m poskytujete dobrovoln\u011b.<\/p>\n<p><strong>Kdo m\u00e1 p\u0159\u00edstup k osobn\u00edm \u00fadaj\u016fm<\/strong><\/p>\n<p>Bezpe\u010dnost va\u0161ich osobn\u00edch \u00fadaj\u016f je pro n\u00e1s d\u016fle\u017eit\u00e1 a p\u0159\u00edstup k nim maj\u00ed pouze na\u0161i partne\u0159i, s nimi\u017e jsme uzav\u0159eli smlouvy o zpracov\u00e1n\u00ed \u00fadaj\u016f. Pat\u0159\u00ed mezi n\u011b poskytovatel\u00e9 slu\u017eeb, kter\u00e9 vyu\u017e\u00edv\u00e1me k podpo\u0159e slu\u017eeb pro na\u0161e z\u00e1kazn\u00edky a obchodn\u00ed partnery.<\/p>\n<p>Za ur\u010dit\u00fdch podm\u00ednek m\u016f\u017eeme b\u00fdt povinni poskytnout n\u011bkter\u00e9 va\u0161e osobn\u00ed \u00fadaje org\u00e1n\u016fm ve\u0159ejn\u00e9 moci, kter\u00e9 va\u0161e osobn\u00ed \u00fadaje zpracov\u00e1vaj\u00ed jako samostatn\u00ed spr\u00e1vci podle platn\u00fdch pr\u00e1vn\u00edch p\u0159edpis\u016f.<\/p>\n<p><strong>Doba zpracov\u00e1n\u00ed osobn\u00edch \u00fadaj\u016f<\/strong><\/p>\n<p>Osobn\u00ed \u00fadaje, kter\u00e9 n\u00e1m poskytnete, zpracov\u00e1v\u00e1me po dobu nezbytnou k dosa\u017een\u00ed \u00fa\u010delu zpracov\u00e1n\u00ed. Pokud n\u00e1m ud\u011bl\u00edte souhlas se zpracov\u00e1n\u00edm va\u0161ich osobn\u00edch \u00fadaj\u016f, m\u016f\u017eeme je zpracov\u00e1vat a\u017e do odvol\u00e1n\u00ed va\u0161eho souhlasu.<\/p>\n<p><strong>Zabezpe\u010den\u00ed osobn\u00edch \u00fadaj\u016f<\/strong><\/p>\n<p>Zpracov\u00e1n\u00ed osobn\u00edch \u00fadaj\u016f je zabezpe\u010deno standardn\u00edmi metodami a technologiemi, kter\u00e9 zabra\u0148uj\u00ed neopr\u00e1vn\u011bn\u00e9mu p\u0159\u00edstupu t\u0159et\u00edch osob. Zaji\u0161\u0165ujeme pravidelnou aktualizaci na\u0161ich bezpe\u010dnostn\u00edch syst\u00e9m\u016f. Jako u\u017eivatel\u00e9 na\u0161ich webov\u00fdch str\u00e1nek si v\u0161ak pros\u00edm uv\u011bdomte, \u017ee i p\u0159es ve\u0161ker\u00e9 \u00fasil\u00ed nelze zaru\u010dit 100% bezpe\u010dnost p\u0159enosu informac\u00ed, v\u010detn\u011b va\u0161ich osobn\u00edch \u00fadaj\u016f, p\u0159es internet.<\/p>\n<p><strong>Va\u0161e pr\u00e1va v souvislosti s ochranou osobn\u00edch \u00fadaj\u016f<\/strong><\/p>\n<p>V souvislosti se zpracov\u00e1n\u00edm va\u0161ich osobn\u00edch \u00fadaj\u016f m\u00e1te n\u00e1sleduj\u00edc\u00ed pr\u00e1va, kter\u00e1 m\u016f\u017eete uplatnit pod\u00e1n\u00edm \u017e\u00e1dosti n\u00e1m jako spr\u00e1vci \u00fadaj\u016f. Pokud bude va\u0161e \u017e\u00e1dost shled\u00e1na opr\u00e1vn\u011bnou, p\u0159ijmeme nezbytn\u00e1 opat\u0159en\u00ed bez zbyte\u010dn\u00e9ho odkladu, nejpozd\u011bji do 4 kalend\u00e1\u0159n\u00edch t\u00fddn\u016f. Abychom zabr\u00e1nili zneu\u017eit\u00ed va\u0161ich osobn\u00edch \u00fadaj\u016f neopr\u00e1vn\u011bn\u00fdmi osobami, m\u016f\u017eeme p\u0159i posuzov\u00e1n\u00ed va\u0161\u00ed \u017e\u00e1dosti po\u017eadovat ov\u011b\u0159en\u00ed va\u0161\u00ed toto\u017enosti.<\/p>\n<p>M\u00e1te pr\u00e1vo na informace, pr\u00e1vo na p\u0159\u00edstup k osobn\u00edm \u00fadaj\u016fm, pr\u00e1vo na opravu, pr\u00e1vo na v\u00fdmaz, pr\u00e1vo na omezen\u00ed zpracov\u00e1n\u00ed, pr\u00e1vo na p\u0159enositelnost \u00fadaj\u016f, pr\u00e1vo na odvol\u00e1n\u00ed souhlasu, pr\u00e1vo vzn\u00e9st n\u00e1mitku, pr\u00e1vo podat st\u00ed\u017enost a pr\u00e1vo podat st\u00ed\u017enost u \u00fa\u0159adu pro ochranu osobn\u00edch \u00fadaj\u016f. Podrobn\u00e9 informace o va\u0161ich pr\u00e1vech naleznete v p\u0159\u00edslu\u0161n\u00fdch pr\u00e1vn\u00edch p\u0159edpisech.<\/p>","protected":false},"excerpt":{"rendered":"<p>Osobn\u00ed \u00fadaje, kter\u00e9 n\u00e1m poskytujete jako n\u00e1v\u0161t\u011bvn\u00edci na\u0161ich webov\u00fdch str\u00e1nek, jsou zpracov\u00e1v\u00e1ny v souladu s platn\u00fdmi p\u0159edpisy o ochran\u011b osobn\u00edch \u00fadaj\u016f, v souladu s na\u0159\u00edzen\u00edm Evropsk\u00e9ho parlamentu a Rady (EU) 2016\/679 o ochran\u011b fyzick\u00fdch osob v souvislosti se zpracov\u00e1n\u00edm osobn\u00edch \u00fadaj\u016f (d\u00e1le jen \u201ena\u0159\u00edzen\u00ed\u201c) a v souladu se z\u00e1konem \u010d. 110\/2019 Sb., o ochran\u011b osobn\u00edch [&hellip;]<\/p>","protected":false},"author":2,"featured_media":0,"parent":0,"menu_order":0,"comment_status":"closed","ping_status":"closed","template":"","meta":{"_acf_changed":false,"footnotes":""},"class_list":["post-2262","page","type-page","status-publish","hentry"],"acf":[],"_links":{"self":[{"href":"https:\/\/www.3d-army.com\/english\/wp-json\/wp\/v2\/pages\/2262","targetHints":{"allow":["GET"]}}],"collection":[{"href":"https:\/\/www.3d-army.com\/english\/wp-json\/wp\/v2\/pages"}],"about":[{"href":"https:\/\/www.3d-army.com\/english\/wp-json\/wp\/v2\/types\/page"}],"author":[{"embeddable":true,"href":"https:\/\/www.3d-army.com\/english\/wp-json\/wp\/v2\/users\/2"}],"replies":[{"embeddable":true,"href":"https:\/\/www.3d-army.com\/english\/wp-json\/wp\/v2\/comments?post=2262"}],"version-history":[{"count":0,"href":"https:\/\/www.3d-army.com\/english\/wp-json\/wp\/v2\/pages\/2262\/revisions"}],"wp:attachment":[{"href":"https:\/\/www.3d-army.com\/english\/wp-json\/wp\/v2\/media?parent=2262"}],"curies":[{"name":"wp","href":"https:\/\/api.w.org\/{rel}","templated":true}]}}