{"id":2260,"date":"2024-09-17T10:39:35","date_gmt":"2024-09-17T08:39:35","guid":{"rendered":"https:\/\/www.3d-army.com\/?page_id=2260"},"modified":"2025-04-28T18:08:48","modified_gmt":"2025-04-28T16:08:48","slug":"cookies","status":"publish","type":"page","link":"https:\/\/www.3d-army.com\/english\/cookies\/","title":{"rendered":"Cookies"},"content":{"rendered":"<p>Tyto z\u00e1sady pou\u017e\u00edv\u00e1n\u00ed soubor\u016f cookie se vztahuj\u00ed na ob\u010dany a osoby s trval\u00fdm pobytem v Evropsk\u00e9m hospod\u00e1\u0159sk\u00e9m prostoru a \u0160v\u00fdcarsku.<\/p>\n<p><b><strong>1. \u00davod<\/strong><\/b><\/p>\n<p>Na\u0161e webov\u00e9 str\u00e1nky www.3d-army.com (d\u00e1le jen \u201ewebov\u00e9 str\u00e1nky\u201c) pou\u017e\u00edvaj\u00ed soubory cookie a dal\u0161\u00ed souvisej\u00edc\u00ed technologie (pro zjednodu\u0161en\u00ed se v\u0161echny tyto technologie ozna\u010duj\u00ed jako \u201esoubory cookie\u201c). Soubory cookie na na\u0161e str\u00e1nky umis\u0165uj\u00ed tak\u00e9 t\u0159et\u00ed strany. V tomto dokumentu v\u00e1s informujeme o pou\u017e\u00edv\u00e1n\u00ed soubor\u016f cookie na na\u0161ich webov\u00fdch str\u00e1nk\u00e1ch.<\/p>\n<p><b><strong>2. Co jsou soubory cookie?<\/strong><\/b><\/p>\n<p>Soubor cookie je mal\u00fd, jednoduch\u00fd soubor, kter\u00fd je odesl\u00e1n spolu se str\u00e1nkami t\u00e9to webov\u00e9 str\u00e1nky a ulo\u017een va\u0161\u00edm prohl\u00ed\u017ee\u010dem na pevn\u00fd disk va\u0161eho po\u010d\u00edta\u010de nebo jin\u00e9ho za\u0159\u00edzen\u00ed, ze kter\u00e9ho p\u0159istupujete k na\u0161\u00ed webov\u00e9 str\u00e1nce. Informace v n\u011bm ulo\u017een\u00e9 mohou b\u00fdt p\u0159i n\u00e1sleduj\u00edc\u00ed n\u00e1v\u0161t\u011bv\u011b vr\u00e1ceny na na\u0161e servery nebo na servery p\u0159\u00edslu\u0161n\u00fdch t\u0159et\u00edch stran.<\/p>\n<p><b><strong>3. Co jsou skripty?<\/strong><\/b><\/p>\n<p>Skript je \u010d\u00e1st programov\u00e9ho k\u00f3du, kter\u00fd slou\u017e\u00ed k tomu, aby na\u0161e webov\u00e9 str\u00e1nky fungovaly spr\u00e1vn\u011b a interaktivn\u011b. Tento k\u00f3d se prov\u00e1d\u00ed na na\u0161em serveru nebo na va\u0161em za\u0159\u00edzen\u00ed.<\/p>\n<p><b><strong>4. Soubory cookie<\/strong><\/b><\/p>\n<p><b><strong>4.1 Technick\u00e9 nebo funk\u010dn\u00ed soubory cookie<\/strong><\/b><\/p>\n<p>N\u011bkter\u00e9 soubory cookie zaji\u0161\u0165uj\u00ed, \u017ee ur\u010dit\u00e9 \u010d\u00e1sti webov\u00fdch str\u00e1nek funguj\u00ed spr\u00e1vn\u011b a \u017ee va\u0161e u\u017eivatelsk\u00e9 preference z\u016fst\u00e1vaj\u00ed zn\u00e1m\u00e9. Um\u00edst\u011bn\u00edm funk\u010dn\u00edch soubor\u016f cookie v\u00e1m usnad\u0148ujeme n\u00e1v\u0161t\u011bvu na\u0161ich webov\u00fdch str\u00e1nek. Tyto soubory cookie mohou b\u00fdt um\u00edst\u011bny bez va\u0161eho souhlasu.<\/p>\n<p><b><strong>4.2 Statistick\u00e9 soubory cookie<\/strong><\/b><\/p>\n<p>Statistick\u00e9 soubory cookie pou\u017e\u00edv\u00e1me k optimalizaci u\u017eivatelsk\u00e9ho z\u00e1\u017eitku na na\u0161ich webov\u00fdch str\u00e1nk\u00e1ch. Pomoc\u00ed t\u011bchto statistick\u00fdch soubor\u016f cookie z\u00edsk\u00e1v\u00e1me p\u0159ehled o pou\u017e\u00edv\u00e1n\u00ed na\u0161ich webov\u00fdch str\u00e1nek. O v\u00e1\u0161 souhlas s um\u00edst\u011bn\u00edm statistick\u00fdch soubor\u016f cookie v\u00e1s \u017e\u00e1d\u00e1me.<\/p>\n<p><b><strong>4.3 Marketingov\u00e9 soubory cookie<\/strong><\/b><\/p>\n<p>Marketingov\u00e9 (nebo sledovac\u00ed) soubory cookie se pou\u017e\u00edvaj\u00ed k vytv\u00e1\u0159en\u00ed u\u017eivatelsk\u00fdch profil\u016f pro zobrazov\u00e1n\u00ed reklam nebo ke sledov\u00e1n\u00ed u\u017eivatele na t\u00e9to webov\u00e9 str\u00e1nce nebo na n\u011bkolika webov\u00fdch str\u00e1nk\u00e1ch pro podobn\u00e9 marketingov\u00e9 \u00fa\u010dely.<\/p>\n<p><b><strong>5. Souhlas<\/strong><\/b><\/p>\n<p>P\u0159i prvn\u00ed n\u00e1v\u0161t\u011bv\u011b na\u0161\u00ed webov\u00e9 str\u00e1nky se zobraz\u00ed vyskakovac\u00ed okno s vysv\u011btlen\u00edm o souborech cookie. Kliknut\u00edm na tla\u010d\u00edtko \u201eP\u0159ijmout v\u0161e\u201c souhlas\u00edte s pou\u017e\u00edv\u00e1n\u00edm v\u0161ech soubor\u016f cookie, jak je pops\u00e1no. Pod tla\u010d\u00edtkem \u201eNastaven\u00ed\u201c m\u016f\u017eete vybrat, kter\u00e9 soubory cookie chcete povolit nebo zak\u00e1zat. Kliknut\u00edm na \u201eP\u0159ijmout v\u0161e\u201c nebo \u201eUlo\u017eit\u201c souhlas\u00edte s pou\u017e\u00edv\u00e1n\u00edm p\u0159\u00edslu\u0161n\u00fdch kategori\u00ed soubor\u016f cookie. Pou\u017e\u00edv\u00e1n\u00ed soubor\u016f cookie m\u016f\u017eete zak\u00e1zat ve sv\u00e9m prohl\u00ed\u017ee\u010di, ale m\u011bjte na pam\u011bti, \u017ee na\u0161e webov\u00e9 str\u00e1nky pak nemus\u00ed fungovat spr\u00e1vn\u011b.<\/p>\n<p><b><strong>6. Povolen\u00ed\/zak\u00e1z\u00e1n\u00ed a smaz\u00e1n\u00ed soubor\u016f cookie<\/strong><\/b><\/p>\n<p>Cookies m\u016f\u017eete automaticky nebo ru\u010dn\u011b smazat pomoc\u00ed sv\u00e9ho internetov\u00e9ho prohl\u00ed\u017ee\u010de. M\u016f\u017eete tak\u00e9 ur\u010dit, \u017ee n\u011bkter\u00e9 cookies nesm\u00ed b\u00fdt ukl\u00e1d\u00e1ny. Dal\u0161\u00ed mo\u017enost\u00ed je zm\u011bnit nastaven\u00ed prohl\u00ed\u017ee\u010de tak, aby se p\u0159i ka\u017ed\u00e9m ulo\u017een\u00ed cookie zobrazila zpr\u00e1va. Dal\u0161\u00ed informace o t\u011bchto mo\u017enostech naleznete v n\u00e1pov\u011bd\u011b sv\u00e9ho prohl\u00ed\u017ee\u010de. Upozor\u0148ujeme, \u017ee pokud zak\u00e1\u017eete v\u0161echny soubory cookie, na\u0161e webov\u00e9 str\u00e1nky nemus\u00ed fungovat spr\u00e1vn\u011b. Pokud soubory cookie ve sv\u00e9m prohl\u00ed\u017ee\u010di sma\u017eete, budou po va\u0161em souhlasu znovu ulo\u017eeny, kdy\u017e na\u0161e webov\u00e9 str\u00e1nky znovu nav\u0161t\u00edv\u00edte.<\/p>\n<p><b><strong>7. Va\u0161e pr\u00e1va t\u00fdkaj\u00edc\u00ed se osobn\u00edch \u00fadaj\u016f<\/strong><\/b><\/p>\n<p>V souvislosti s va\u0161imi osobn\u00edmi \u00fadaji m\u00e1te n\u00e1sleduj\u00edc\u00ed pr\u00e1va:<\/p>\n<ul>\n<li>Pr\u00e1vo v\u011bd\u011bt, pro\u010d jsou va\u0161e osobn\u00ed \u00fadaje pot\u0159ebn\u00e9, co se s nimi stane a jak dlouho budou uchov\u00e1v\u00e1ny.<\/li>\n<li>Pr\u00e1vo na p\u0159\u00edstup: M\u00e1te pr\u00e1vo na p\u0159\u00edstup k va\u0161im osobn\u00edm \u00fadaj\u016fm, kter\u00e9 m\u00e1me k dispozici.<\/li>\n<li>Pr\u00e1vo na opravu: M\u00e1te pr\u00e1vo kdykoli doplnit, opravit, smazat nebo zablokovat sv\u00e9 osobn\u00ed \u00fadaje.<\/li>\n<li>Pokud n\u00e1m ud\u011bl\u00edte souhlas se zpracov\u00e1n\u00edm va\u0161ich \u00fadaj\u016f, m\u00e1te pr\u00e1vo tento souhlas odvolat a nechat sv\u00e9 osobn\u00ed \u00fadaje smazat.<\/li>\n<li>Pr\u00e1vo na p\u0159enos va\u0161ich \u00fadaj\u016f: M\u00e1te pr\u00e1vo po\u017e\u00e1dat spr\u00e1vce o v\u0161echny sv\u00e9 osobn\u00ed \u00fadaje a p\u0159en\u00e9st je v pln\u00e9m rozsahu k jin\u00e9mu spr\u00e1vci.<\/li>\n<li>Pr\u00e1vo vzn\u00e9st n\u00e1mitku: M\u016f\u017eete vzn\u00e9st n\u00e1mitku proti zpracov\u00e1n\u00ed va\u0161ich \u00fadaj\u016f. Va\u0161\u00ed n\u00e1mitce vyhov\u00edme, pokud neexistuj\u00ed opr\u00e1vn\u011bn\u00e9 d\u016fvody pro zpracov\u00e1n\u00ed.<\/li>\n<li>Chcete-li tato pr\u00e1va uplatnit, kontaktujte n\u00e1s pomoc\u00ed kontaktn\u00edch \u00fadaj\u016f uveden\u00fdch na konci t\u011bchto z\u00e1sad pou\u017e\u00edv\u00e1n\u00ed soubor\u016f cookie. Pokud m\u00e1te jak\u00e9koli st\u00ed\u017enosti ohledn\u011b toho, jak nakl\u00e1d\u00e1me s va\u0161imi \u00fadaji, r\u00e1di si je vyslechneme, ale m\u00e1te tak\u00e9 pr\u00e1vo podat st\u00ed\u017enost u dozorov\u00e9ho \u00fa\u0159adu (\u00da\u0159adu pro ochranu osobn\u00edch \u00fadaj\u016f).<\/li>\n<\/ul>\n<p><b><strong>8. Kontaktn\u00ed \u00fadaje<\/strong><\/b><\/p>\n<p>M\u00e1te-li jak\u00e9koli dotazy a\/nebo p\u0159ipom\u00ednky t\u00fdkaj\u00edc\u00ed se na\u0161ich z\u00e1sad pou\u017e\u00edv\u00e1n\u00ed soubor\u016f cookie a tohoto prohl\u00e1\u0161en\u00ed, kontaktujte n\u00e1s pros\u00edm pomoc\u00ed n\u00e1sleduj\u00edc\u00edch kontaktn\u00edch \u00fadaj\u016f:<\/p>\n<p>Nov\u00e1 m\u00e9dia, s. r. o., V\u00fdstavi\u0161t\u011b 405\/1, 603 00 Brno<\/p>","protected":false},"excerpt":{"rendered":"<p>Tyto z\u00e1sady pou\u017e\u00edv\u00e1n\u00ed soubor\u016f cookie se vztahuj\u00ed na ob\u010dany a osoby s trval\u00fdm pobytem v Evropsk\u00e9m hospod\u00e1\u0159sk\u00e9m prostoru a \u0160v\u00fdcarsku. 1. \u00davod Na\u0161e webov\u00e9 str\u00e1nky www.3d-army.com (d\u00e1le jen \u201ewebov\u00e9 str\u00e1nky\u201c) pou\u017e\u00edvaj\u00ed soubory cookie a dal\u0161\u00ed souvisej\u00edc\u00ed technologie (pro zjednodu\u0161en\u00ed se v\u0161echny tyto technologie ozna\u010duj\u00ed jako \u201esoubory cookie\u201c). Soubory cookie na na\u0161e str\u00e1nky umis\u0165uj\u00ed tak\u00e9 t\u0159et\u00ed [&hellip;]<\/p>","protected":false},"author":2,"featured_media":0,"parent":0,"menu_order":0,"comment_status":"closed","ping_status":"closed","template":"","meta":{"_acf_changed":false,"footnotes":""},"class_list":["post-2260","page","type-page","status-publish","hentry"],"acf":[],"_links":{"self":[{"href":"https:\/\/www.3d-army.com\/english\/wp-json\/wp\/v2\/pages\/2260","targetHints":{"allow":["GET"]}}],"collection":[{"href":"https:\/\/www.3d-army.com\/english\/wp-json\/wp\/v2\/pages"}],"about":[{"href":"https:\/\/www.3d-army.com\/english\/wp-json\/wp\/v2\/types\/page"}],"author":[{"embeddable":true,"href":"https:\/\/www.3d-army.com\/english\/wp-json\/wp\/v2\/users\/2"}],"replies":[{"embeddable":true,"href":"https:\/\/www.3d-army.com\/english\/wp-json\/wp\/v2\/comments?post=2260"}],"version-history":[{"count":0,"href":"https:\/\/www.3d-army.com\/english\/wp-json\/wp\/v2\/pages\/2260\/revisions"}],"wp:attachment":[{"href":"https:\/\/www.3d-army.com\/english\/wp-json\/wp\/v2\/media?parent=2260"}],"curies":[{"name":"wp","href":"https:\/\/api.w.org\/{rel}","templated":true}]}}