{"id":1993,"date":"2024-09-10T12:06:25","date_gmt":"2024-09-10T10:06:25","guid":{"rendered":"https:\/\/www.3d-army.com\/solidworks-3dexperience-digitalni-platforma-pro-vyvoj-vyrobku-2\/"},"modified":"2024-10-02T08:08:32","modified_gmt":"2024-10-02T06:08:32","slug":"solidworks-3dexperience-digitalni-platforma-pro-vyvoj-vyrobku-2","status":"publish","type":"page","link":"https:\/\/www.3d-army.com\/english\/solidworks-3dexperience-digitalni-platforma-pro-vyvoj-vyrobku-2\/","title":{"rendered":"3D-ARMY"},"content":{"rendered":"<div data-elementor-type=\"wp-page\" data-elementor-id=\"1993\" class=\"elementor elementor-1993\" data-elementor-post-type=\"page\">\n\t\t\t\t<div class=\"elementor-element elementor-element-732d6a4b e-con-full e-flex e-con e-parent\" data-id=\"732d6a4b\" data-element_type=\"container\" data-settings=\"{&quot;background_background&quot;:&quot;classic&quot;}\">\n\t\t<div class=\"elementor-element elementor-element-287cf027 e-flex e-con-boxed e-con e-child\" data-id=\"287cf027\" data-element_type=\"container\">\n\t\t\t\t\t<div class=\"e-con-inner\">\n\t\t<div class=\"elementor-element elementor-element-55145948 e-con-full e-flex e-con e-child\" data-id=\"55145948\" data-element_type=\"container\">\n\t\t<div class=\"elementor-element elementor-element-7c391d77 e-con-full e-flex e-con e-child\" data-id=\"7c391d77\" data-element_type=\"container\">\n\t\t\t\t<div class=\"elementor-element elementor-element-c1d768f elementor-widget elementor-widget-image\" data-id=\"c1d768f\" data-element_type=\"widget\" data-widget_type=\"image.default\">\n\t\t\t\t<div class=\"elementor-widget-container\">\n\t\t\t\t\t\t\t\t\t\t\t\t\t\t\t<img fetchpriority=\"high\" decoding=\"async\" width=\"800\" height=\"237\" src=\"https:\/\/www.3d-army.com\/wp-content\/uploads\/2024\/07\/3d-army-04.svg\" class=\"attachment-large size-large wp-image-2313\" alt=\"\" \/>\t\t\t\t\t\t\t\t\t\t\t\t\t\t\t<\/div>\n\t\t\t\t<\/div>\n\t\t<div class=\"elementor-element elementor-element-793eb9af e-con-full e-flex e-con e-child\" data-id=\"793eb9af\" data-element_type=\"container\">\n\t\t\t\t<div class=\"elementor-element elementor-element-380c3e62 elementor-widget elementor-widget-heading\" data-id=\"380c3e62\" data-element_type=\"widget\" data-widget_type=\"heading.default\">\n\t\t\t\t<div class=\"elementor-widget-container\">\n\t\t\t\t\t<h2 class=\"elementor-heading-title elementor-size-default\">3D Printing in European<br>Defense Industry<\/h2>\t\t\t\t<\/div>\n\t\t\t\t<\/div>\n\t\t\t\t<div class=\"elementor-element elementor-element-3fc0e31 elementor-widget elementor-widget-heading\" data-id=\"3fc0e31\" data-element_type=\"widget\" data-widget_type=\"heading.default\">\n\t\t\t\t<div class=\"elementor-widget-container\">\n\t\t\t\t\t<h2 class=\"elementor-heading-title elementor-size-default\">Technical Conference<\/h2>\t\t\t\t<\/div>\n\t\t\t\t<\/div>\n\t\t<div class=\"elementor-element elementor-element-df1d6db e-con-full e-flex e-con e-child\" data-id=\"df1d6db\" data-element_type=\"container\">\n\t\t\t\t<div class=\"elementor-element elementor-element-b00de10 elementor-widget elementor-widget-heading\" data-id=\"b00de10\" data-element_type=\"widget\" data-widget_type=\"heading.default\">\n\t\t\t\t<div class=\"elementor-widget-container\">\n\t\t\t\t\t<h2 class=\"elementor-heading-title elementor-size-default\">29-05-2025 <\/h2>\t\t\t\t<\/div>\n\t\t\t\t<\/div>\n\t\t\t\t<div class=\"elementor-element elementor-element-075db2f elementor-widget elementor-widget-heading\" data-id=\"075db2f\" data-element_type=\"widget\" data-widget_type=\"heading.default\">\n\t\t\t\t<div class=\"elementor-widget-container\">\n\t\t\t\t\t<h2 class=\"elementor-heading-title elementor-size-default\">|<\/h2>\t\t\t\t<\/div>\n\t\t\t\t<\/div>\n\t\t\t\t<div class=\"elementor-element elementor-element-17981e7 elementor-widget elementor-widget-heading\" data-id=\"17981e7\" data-element_type=\"widget\" data-widget_type=\"heading.default\">\n\t\t\t\t<div class=\"elementor-widget-container\">\n\t\t\t\t\t<h2 class=\"elementor-heading-title elementor-size-default\">Brno, Czechia<\/h2>\t\t\t\t<\/div>\n\t\t\t\t<\/div>\n\t\t\t\t<\/div>\n\t\t<div class=\"elementor-element elementor-element-ea2a705 e-con-full e-flex e-con e-child\" data-id=\"ea2a705\" data-element_type=\"container\" data-settings=\"{&quot;background_background&quot;:&quot;classic&quot;}\">\n\t\t\t\t<div class=\"elementor-element elementor-element-165529ca elementor-widget elementor-widget-heading\" data-id=\"165529ca\" data-element_type=\"widget\" data-widget_type=\"heading.default\">\n\t\t\t\t<div class=\"elementor-widget-container\">\n\t\t\t\t\t<h2 class=\"elementor-heading-title elementor-size-default\">Join us at the forefront of technological evolution in defense and security at the 3D&nbsp;Printing in European Defense Conference 2025. This unique event brings together leading minds from the military, defense contractors, and cutting-edge technology companies to explore the transformative role of additive manufacturing in development and manufacturing of defense systems.<\/h2>\t\t\t\t<\/div>\n\t\t\t\t<\/div>\n\t\t\t\t<div class=\"elementor-element elementor-element-42edce97 elementor-widget__width-auto elementor-align-center elementor-widget elementor-widget-button\" data-id=\"42edce97\" data-element_type=\"widget\" data-widget_type=\"button.default\">\n\t\t\t\t<div class=\"elementor-widget-container\">\n\t\t\t\t\t\t\t\t\t<div class=\"elementor-button-wrapper\">\n\t\t\t\t\t<a class=\"elementor-button elementor-button-link elementor-size-xs elementor-animation-push\" href=\"#kontakt\">\n\t\t\t\t\t\t<span class=\"elementor-button-content-wrapper\">\n\t\t\t\t\t\t\t\t\t<span class=\"elementor-button-text\">JOIN THIS EVENT<\/span>\n\t\t\t\t\t<\/span>\n\t\t\t\t\t<\/a>\n\t\t\t\t<\/div>\n\t\t\t\t\t\t\t\t<\/div>\n\t\t\t\t<\/div>\n\t\t\t\t<\/div>\n\t\t\t\t<\/div>\n\t\t\t\t<\/div>\n\t\t\t\t<\/div>\n\t\t\t\t\t<\/div>\n\t\t\t\t<\/div>\n\t\t\t\t<\/div>\n\t\t<div class=\"elementor-element elementor-element-2eb0a261 e-con-full e-flex e-con e-parent\" data-id=\"2eb0a261\" data-element_type=\"container\" id=\"proc\" data-settings=\"{&quot;background_background&quot;:&quot;classic&quot;}\">\n\t\t<div class=\"elementor-element elementor-element-76aa105 e-con-full e-flex e-con e-child\" data-id=\"76aa105\" data-element_type=\"container\">\n\t\t<div class=\"elementor-element elementor-element-c08c907 e-con-full e-flex e-con e-child\" data-id=\"c08c907\" data-element_type=\"container\">\n\t\t<div class=\"elementor-element elementor-element-c83f2f8 e-con-full e-flex e-con e-child\" data-id=\"c83f2f8\" data-element_type=\"container\">\n\t\t\t\t<div class=\"elementor-element elementor-element-9cecbfa elementor-widget elementor-widget-heading\" data-id=\"9cecbfa\" data-element_type=\"widget\" data-widget_type=\"heading.default\">\n\t\t\t\t<div class=\"elementor-widget-container\">\n\t\t\t\t\t<h2 class=\"elementor-heading-title elementor-size-default\">Key Event for Defense and Security Professionals<\/h2>\t\t\t\t<\/div>\n\t\t\t\t<\/div>\n\t\t\t\t<\/div>\n\t\t\t\t<\/div>\n\t\t\t\t<\/div>\n\t\t<div class=\"elementor-element elementor-element-55c84f5e e-con-full e-flex e-con e-child\" data-id=\"55c84f5e\" data-element_type=\"container\">\n\t\t<div class=\"elementor-element elementor-element-6c116324 e-con-full e-flex e-con e-child\" data-id=\"6c116324\" data-element_type=\"container\">\n\t\t<div class=\"elementor-element elementor-element-9c922fe e-con-full e-flex e-con e-child\" data-id=\"9c922fe\" data-element_type=\"container\">\n\t\t<div class=\"elementor-element elementor-element-7e91c7a1 e-con-full e-flex e-con e-child\" data-id=\"7e91c7a1\" data-element_type=\"container\">\n\t\t\t\t<div class=\"elementor-element elementor-element-739f47c6 elementor-widget elementor-widget-heading\" data-id=\"739f47c6\" data-element_type=\"widget\" data-widget_type=\"heading.default\">\n\t\t\t\t<div class=\"elementor-widget-container\">\n\t\t\t\t\t<h2 class=\"elementor-heading-title elementor-size-default\">3D Printing for Defense Manufacturing<\/h2>\t\t\t\t<\/div>\n\t\t\t\t<\/div>\n\t\t\t\t<div class=\"elementor-element elementor-element-f165d2b elementor-widget elementor-widget-heading\" data-id=\"f165d2b\" data-element_type=\"widget\" data-widget_type=\"heading.default\">\n\t\t\t\t<div class=\"elementor-widget-container\">\n\t\t\t\t\t<h2 class=\"elementor-heading-title elementor-size-default\">Explore how additive manufacturing is revolutionizing the production of complex components with unprecedented flexibility. Gain insights into advanced materials used in defense 3D printing, including lightweight alloys and composite materials that enhance strength and durability.<\/h2>\t\t\t\t<\/div>\n\t\t\t\t<\/div>\n\t\t\t\t<div class=\"elementor-element elementor-element-9ad5678 elementor-widget elementor-widget-heading\" data-id=\"9ad5678\" data-element_type=\"widget\" data-widget_type=\"heading.default\">\n\t\t\t\t<div class=\"elementor-widget-container\">\n\t\t\t\t\t<h2 class=\"elementor-heading-title elementor-size-default\">Strategic and Tactical Implications<\/h2>\t\t\t\t<\/div>\n\t\t\t\t<\/div>\n\t\t\t\t<div class=\"elementor-element elementor-element-c0e6169 elementor-widget elementor-widget-heading\" data-id=\"c0e6169\" data-element_type=\"widget\" data-widget_type=\"heading.default\">\n\t\t\t\t<div class=\"elementor-widget-container\">\n\t\t\t\t\t<h2 class=\"elementor-heading-title elementor-size-default\">Understand the impact of additive manufacturing on logistics and its potential to redefine strategic operations. 3D printing enables on-demand production of parts and tools, reducing inventory and simplifying supply chains. Produce critical components directly in the field, minimize downtime and enhance operational readiness.<\/h2>\t\t\t\t<\/div>\n\t\t\t\t<\/div>\n\t\t\t\t<\/div>\n\t\t\t\t<\/div>\n\t\t<div class=\"elementor-element elementor-element-8d5799d e-con-full e-flex e-con e-child\" data-id=\"8d5799d\" data-element_type=\"container\">\n\t\t<div class=\"elementor-element elementor-element-1e53880 e-con-full e-flex e-con e-child\" data-id=\"1e53880\" data-element_type=\"container\">\n\t\t\t\t<div class=\"elementor-element elementor-element-3d13758 elementor-widget elementor-widget-heading\" data-id=\"3d13758\" data-element_type=\"widget\" data-widget_type=\"heading.default\">\n\t\t\t\t<div class=\"elementor-widget-container\">\n\t\t\t\t\t<h2 class=\"elementor-heading-title elementor-size-default\">Why Attend?<\/h2>\t\t\t\t<\/div>\n\t\t\t\t<\/div>\n\t\t\t\t<div class=\"elementor-element elementor-element-8248e8b elementor-widget elementor-widget-heading\" data-id=\"8248e8b\" data-element_type=\"widget\" data-widget_type=\"heading.default\">\n\t\t\t\t<div class=\"elementor-widget-container\">\n\t\t\t\t\t<h2 class=\"elementor-heading-title elementor-size-default\">Discover the latest advancements in additive manufacturing for defense and weaponry.\nParticipate in high-level discussions on the future of military technology and industrial innovation.\nEngage with peers and pioneers who are shaping the next generation of defense capabilities.<\/h2>\t\t\t\t<\/div>\n\t\t\t\t<\/div>\n\t\t\t\t<div class=\"elementor-element elementor-element-56f303d elementor-widget elementor-widget-heading\" data-id=\"56f303d\" data-element_type=\"widget\" data-widget_type=\"heading.default\">\n\t\t\t\t<div class=\"elementor-widget-container\">\n\t\t\t\t\t<h2 class=\"elementor-heading-title elementor-size-default\">Strategic and Tactical Implications<\/h2>\t\t\t\t<\/div>\n\t\t\t\t<\/div>\n\t\t\t\t<div class=\"elementor-element elementor-element-d7749e0 elementor-widget elementor-widget-heading\" data-id=\"d7749e0\" data-element_type=\"widget\" data-widget_type=\"heading.default\">\n\t\t\t\t<div class=\"elementor-widget-container\">\n\t\t\t\t\t<h2 class=\"elementor-heading-title elementor-size-default\">Whether you are involved in defense R&amp;D, \nprototyping, advanced manufacturing or military procurement and logistics, this conference offers a unique platform to exchange ideas, showcase new technologies, and build partnerships and develop relationships with suppliers and technical experts that drive innovation in defense and security.<\/h2>\t\t\t\t<\/div>\n\t\t\t\t<\/div>\n\t\t\t\t<\/div>\n\t\t\t\t<\/div>\n\t\t\t\t<\/div>\n\t\t\t\t<\/div>\n\t\t\t\t<\/div>\n\t\t<div class=\"elementor-element elementor-element-fadc635 e-con-full e-flex e-con e-parent\" data-id=\"fadc635\" data-element_type=\"container\" id=\"kontakt\" data-settings=\"{&quot;background_background&quot;:&quot;classic&quot;}\">\n\t\t<div class=\"elementor-element elementor-element-6ad43c4 e-con-full e-flex e-con e-child\" data-id=\"6ad43c4\" data-element_type=\"container\">\n\t\t<div class=\"elementor-element elementor-element-0665d78 e-flex e-con-boxed e-con e-child\" data-id=\"0665d78\" data-element_type=\"container\">\n\t\t\t\t\t<div class=\"e-con-inner\">\n\t\t<div class=\"elementor-element elementor-element-e1080b1 e-con-full e-flex e-con e-child\" data-id=\"e1080b1\" data-element_type=\"container\">\n\t\t<div class=\"elementor-element elementor-element-07d7420 e-flex e-con-boxed e-con e-child\" data-id=\"07d7420\" data-element_type=\"container\">\n\t\t\t\t\t<div class=\"e-con-inner\">\n\t\t<div class=\"elementor-element elementor-element-c932bf5 e-flex e-con-boxed e-con e-child\" data-id=\"c932bf5\" data-element_type=\"container\">\n\t\t\t\t\t<div class=\"e-con-inner\">\n\t\t\t\t<div class=\"elementor-element elementor-element-84053aa elementor-widget elementor-widget-heading\" data-id=\"84053aa\" data-element_type=\"widget\" data-widget_type=\"heading.default\">\n\t\t\t\t<div class=\"elementor-widget-container\">\n\t\t\t\t\t<h2 class=\"elementor-heading-title elementor-size-default\">Ask for More Information<\/h2>\t\t\t\t<\/div>\n\t\t\t\t<\/div>\n\t\t\t\t<div class=\"elementor-element elementor-element-001a5c8 elementor-widget elementor-widget-heading\" data-id=\"001a5c8\" data-element_type=\"widget\" data-widget_type=\"heading.default\">\n\t\t\t\t<div class=\"elementor-widget-container\">\n\t\t\t\t\t<h2 class=\"elementor-heading-title elementor-size-default\">The conference, which will complement the leading Czech defense trade fair, is in its early planning stages. Leave us your contact information if you would like to be informed about its development or if you are interested in participating as a partner or attendee.<\/h2>\t\t\t\t<\/div>\n\t\t\t\t<\/div>\n\t\t\t\t<div class=\"elementor-element elementor-element-4b3e110 elementor-button-align-stretch elementor-widget elementor-widget-form\" data-id=\"4b3e110\" data-element_type=\"widget\" data-settings=\"{&quot;step_next_label&quot;:&quot;Next&quot;,&quot;step_previous_label&quot;:&quot;Previous&quot;,&quot;button_width&quot;:&quot;100&quot;,&quot;step_type&quot;:&quot;number_text&quot;,&quot;step_icon_shape&quot;:&quot;circle&quot;}\" data-widget_type=\"form.default\">\n\t\t\t\t<div class=\"elementor-widget-container\">\n\t\t\t\t\t\t\t<form class=\"elementor-form\" method=\"post\" name=\"Kontaktn\u00ed formul\u00e1\u0159\" action=\"\">\n\t\t\t<input type=\"hidden\" name=\"post_id\" value=\"1993\"\/>\n\t\t\t<input type=\"hidden\" name=\"form_id\" value=\"4b3e110\"\/>\n\t\t\t<input type=\"hidden\" name=\"referer_title\" value=\"3D-ARMY\" \/>\n\n\t\t\t\t\t\t\t<input type=\"hidden\" name=\"queried_id\" value=\"1993\"\/>\n\t\t\t\n\t\t\t<div class=\"elementor-form-fields-wrapper elementor-labels-above\">\n\t\t\t\t\t\t\t\t<div class=\"elementor-field-type-text elementor-field-group elementor-column elementor-field-group-name elementor-col-50 elementor-field-required\">\n\t\t\t\t\t\t\t\t\t\t\t\t<label for=\"form-field-name\" class=\"elementor-field-label\">\n\t\t\t\t\t\t\t\tYour name\t\t\t\t\t\t\t<\/label>\n\t\t\t\t\t\t\t\t\t\t\t\t\t\t<input size=\"1\" type=\"text\" name=\"form_fields[name]\" id=\"form-field-name\" class=\"elementor-field elementor-size-sm  elementor-field-textual\" required=\"required\">\n\t\t\t\t\t\t\t\t\t\t\t<\/div>\n\t\t\t\t\t\t\t\t<div class=\"elementor-field-type-text elementor-field-group elementor-column elementor-field-group-field_a044c07 elementor-col-50\">\n\t\t\t\t\t\t\t\t\t\t\t\t<label for=\"form-field-field_a044c07\" class=\"elementor-field-label\">\n\t\t\t\t\t\t\t\tCompany\t\t\t\t\t\t\t<\/label>\n\t\t\t\t\t\t\t\t\t\t\t\t\t\t<input size=\"1\" type=\"text\" name=\"form_fields[field_a044c07]\" id=\"form-field-field_a044c07\" class=\"elementor-field elementor-size-sm  elementor-field-textual\">\n\t\t\t\t\t\t\t\t\t\t\t<\/div>\n\t\t\t\t\t\t\t\t<div class=\"elementor-field-type-email elementor-field-group elementor-column elementor-field-group-email elementor-col-50 elementor-field-required\">\n\t\t\t\t\t\t\t\t\t\t\t\t<label for=\"form-field-email\" class=\"elementor-field-label\">\n\t\t\t\t\t\t\t\tE-mail\t\t\t\t\t\t\t<\/label>\n\t\t\t\t\t\t\t\t\t\t\t\t\t\t<input size=\"1\" type=\"email\" name=\"form_fields[email]\" id=\"form-field-email\" class=\"elementor-field elementor-size-sm  elementor-field-textual\" required=\"required\">\n\t\t\t\t\t\t\t\t\t\t\t<\/div>\n\t\t\t\t\t\t\t\t<div class=\"elementor-field-type-text elementor-field-group elementor-column elementor-field-group-field_b14e4c0 elementor-col-50\">\n\t\t\t\t\t\t\t\t\t\t\t\t<label for=\"form-field-field_b14e4c0\" class=\"elementor-field-label\">\n\t\t\t\t\t\t\t\tPhone\t\t\t\t\t\t\t<\/label>\n\t\t\t\t\t\t\t\t\t\t\t\t\t\t<input size=\"1\" type=\"text\" name=\"form_fields[field_b14e4c0]\" id=\"form-field-field_b14e4c0\" class=\"elementor-field elementor-size-sm  elementor-field-textual\">\n\t\t\t\t\t\t\t\t\t\t\t<\/div>\n\t\t\t\t\t\t\t\t<div class=\"elementor-field-type-text\">\n\t\t\t\t\t<input size=\"1\" type=\"text\" name=\"form_fields[field_bd9a0a8]\" id=\"form-field-field_bd9a0a8\" class=\"elementor-field elementor-size-sm\" style=\"display:none !important;\">\t\t\t\t<\/div>\n\t\t\t\t\t\t\t\t<div class=\"elementor-field-type-radio elementor-field-group elementor-column elementor-field-group-field_956838c elementor-col-100\">\n\t\t\t\t\t\t\t\t\t\t\t\t<label for=\"form-field-field_956838c\" class=\"elementor-field-label\">\n\t\t\t\t\t\t\t\tI want to participate as:\t\t\t\t\t\t\t<\/label>\n\t\t\t\t\t\t<div class=\"elementor-field-subgroup\"><span class=\"elementor-field-option\"><input type=\"radio\" value=\"exhibitor\" id=\"form-field-field_956838c-0\" name=\"form_fields[field_956838c]\"> <label for=\"form-field-field_956838c-0\">exhibitor<\/label><\/span><span class=\"elementor-field-option\"><input type=\"radio\" value=\"speaker\" id=\"form-field-field_956838c-1\" name=\"form_fields[field_956838c]\"> <label for=\"form-field-field_956838c-1\">speaker<\/label><\/span><span class=\"elementor-field-option\"><input type=\"radio\" value=\"visitor\" id=\"form-field-field_956838c-2\" name=\"form_fields[field_956838c]\"> <label for=\"form-field-field_956838c-2\">visitor<\/label><\/span><\/div>\t\t\t\t<\/div>\n\t\t\t\t\t\t\t\t<div class=\"elementor-field-group elementor-column elementor-field-type-submit elementor-col-100 e-form__buttons\">\n\t\t\t\t\t<button class=\"elementor-button elementor-size-sm\" type=\"submit\">\n\t\t\t\t\t\t<span class=\"elementor-button-content-wrapper\">\n\t\t\t\t\t\t\t\t\t\t\t\t\t\t\t\t\t\t\t\t\t\t<span class=\"elementor-button-text\">Submit<\/span>\n\t\t\t\t\t\t\t\t\t\t\t\t\t<\/span>\n\t\t\t\t\t<\/button>\n\t\t\t\t<\/div>\n\t\t\t<\/div>\n\t\t<input type=\"hidden\" name=\"trp-form-language\" value=\"english\"\/><\/form>\n\t\t\t\t\t\t<\/div>\n\t\t\t\t<\/div>\n\t\t\t\t\t<\/div>\n\t\t\t\t<\/div>\n\t\t\t\t\t<\/div>\n\t\t\t\t<\/div>\n\t\t\t\t<\/div>\n\t\t\t\t\t<\/div>\n\t\t\t\t<\/div>\n\t\t<div class=\"elementor-element elementor-element-205ef14 e-flex e-con-boxed e-con e-child\" data-id=\"205ef14\" data-element_type=\"container\">\n\t\t\t\t\t<div class=\"e-con-inner\">\n\t\t\t\t<div class=\"elementor-element elementor-element-e585231 elementor-widget elementor-widget-text-editor\" data-id=\"e585231\" data-element_type=\"widget\" data-widget_type=\"text-editor.default\">\n\t\t\t\t<div class=\"elementor-widget-container\">\n\t\t\t\t\t\t\t\t\tBy clicking the Submit button, you confirm that you have read our personal data processing terms and give us your consent to be contacted by our company with a business offer via the provided email or phone number. You can modify or withdraw this consent at any time in the future.\t\t\t\t\t\t\t\t<\/div>\n\t\t\t\t<\/div>\n\t\t\t\t\t<\/div>\n\t\t\t\t<\/div>\n\t\t\t\t<\/div>\n\t\t<div class=\"elementor-element elementor-element-d6966af e-con-full e-flex e-con e-child\" data-id=\"d6966af\" data-element_type=\"container\" data-settings=\"{&quot;background_background&quot;:&quot;classic&quot;}\">\n\t\t<div class=\"elementor-element elementor-element-41837f8 e-con-full e-flex e-con e-child\" data-id=\"41837f8\" data-element_type=\"container\">\n\t\t<div class=\"elementor-element elementor-element-0bb26f3 e-con-full e-flex e-con e-child\" data-id=\"0bb26f3\" data-element_type=\"container\">\n\t\t<div class=\"elementor-element elementor-element-df1c372 e-con-full e-flex e-con e-child\" data-id=\"df1c372\" data-element_type=\"container\">\n\t\t\t\t<div class=\"elementor-element elementor-element-49071b3 elementor-widget elementor-widget-heading\" data-id=\"49071b3\" data-element_type=\"widget\" data-widget_type=\"heading.default\">\n\t\t\t\t<div class=\"elementor-widget-container\">\n\t\t\t\t\t<h2 class=\"elementor-heading-title elementor-size-default\">Who We Are<\/h2>\t\t\t\t<\/div>\n\t\t\t\t<\/div>\n\t\t\t\t<\/div>\n\t\t\t\t<\/div>\n\t\t\t\t<\/div>\n\t\t<div class=\"elementor-element elementor-element-9d3bac1 e-con-full e-flex e-con e-child\" data-id=\"9d3bac1\" data-element_type=\"container\">\n\t\t<div class=\"elementor-element elementor-element-31244fc e-con-full e-flex e-con e-child\" data-id=\"31244fc\" data-element_type=\"container\">\n\t\t<div class=\"elementor-element elementor-element-a078521 e-con-full e-flex e-con e-child\" data-id=\"a078521\" data-element_type=\"container\">\n\t\t<div class=\"elementor-element elementor-element-0f683f3 e-con-full e-flex e-con e-child\" data-id=\"0f683f3\" data-element_type=\"container\">\n\t\t\t\t<div class=\"elementor-element elementor-element-30a9db3 elementor-widget elementor-widget-heading\" data-id=\"30a9db3\" data-element_type=\"widget\" data-widget_type=\"heading.default\">\n\t\t\t\t<div class=\"elementor-widget-container\">\n\t\t\t\t\t<h2 class=\"elementor-heading-title elementor-size-default\">Our company is the organizer of the largest Central European conference on professional 3D printing. The Additive Manufacturing Forum, which we have been organizing for 11 years at the International Engineering Fair in Brno, has been attended by thousands of industry professionals. We help them to explore paths to extraordinary innovations, cost savings, and valuable new connections. The \"3D Printing in European Defense Industry\" conference builds on our extensive experience in hosting this major industry event, aiming to raise awareness of modern digital manufacturing technologies within the important defense sector.<\/h2>\t\t\t\t<\/div>\n\t\t\t\t<\/div>\n\t\t\t\t<\/div>\n\t\t\t\t<\/div>\n\t\t\t\t<\/div>\n\t\t\t\t<\/div>\n\t\t\t\t<\/div>\n\t\t\t\t<\/div>\n\t\t\t\t<\/div>","protected":false},"excerpt":{"rendered":"<p>3D Printing in EuropeanDefense Industry Technical Conference 29-05-2025 | Brno, Czechia Join us at the forefront of technological evolution in defense and security at the 3D&nbsp;Printing in European Defense Conference 2025. This unique event brings together leading minds from the military, defense contractors, and cutting-edge technology companies to explore the transformative role of additive manufacturing [&hellip;]<\/p>","protected":false},"author":2,"featured_media":0,"parent":0,"menu_order":0,"comment_status":"closed","ping_status":"closed","template":"","meta":{"_acf_changed":false,"footnotes":""},"class_list":["post-1993","page","type-page","status-publish","hentry"],"acf":[],"_links":{"self":[{"href":"https:\/\/www.3d-army.com\/english\/wp-json\/wp\/v2\/pages\/1993","targetHints":{"allow":["GET"]}}],"collection":[{"href":"https:\/\/www.3d-army.com\/english\/wp-json\/wp\/v2\/pages"}],"about":[{"href":"https:\/\/www.3d-army.com\/english\/wp-json\/wp\/v2\/types\/page"}],"author":[{"embeddable":true,"href":"https:\/\/www.3d-army.com\/english\/wp-json\/wp\/v2\/users\/2"}],"replies":[{"embeddable":true,"href":"https:\/\/www.3d-army.com\/english\/wp-json\/wp\/v2\/comments?post=1993"}],"version-history":[{"count":0,"href":"https:\/\/www.3d-army.com\/english\/wp-json\/wp\/v2\/pages\/1993\/revisions"}],"wp:attachment":[{"href":"https:\/\/www.3d-army.com\/english\/wp-json\/wp\/v2\/media?parent=1993"}],"curies":[{"name":"wp","href":"https:\/\/api.w.org\/{rel}","templated":true}]}}